{"id":22516,"date":"2014-12-20T11:42:39","date_gmt":"2014-12-20T10:42:39","guid":{"rendered":"http:\/\/www.gefaesscentrum-koeln.de\/en\/practice-and-physician-team\/dr-med-mete-camci"},"modified":"2014-12-20T11:42:39","modified_gmt":"2014-12-20T10:42:39","slug":"dr-med-mete-camci","status":"publish","type":"page","link":"https:\/\/www.gefaesscentrum-koeln.de\/en\/practice-and-physician-team\/dr-med-mete-camci","title":{"rendered":"Dr. med. Mete Camci"},"content":{"rendered":"<p><strong>Areas of Specialization<\/strong><strong><\/strong><strong>*<img loading=\"lazy\" decoding=\"async\" class=\"alignright wp-image-22237\" src=\"https:\/\/www.gefaesscentrum-koeln.de\/wp-content\/uploads\/2015\/06\/camci1.jpg\" alt=\"Dr. med. Camci\" width=\"450\" height=\"300\" srcset=\"https:\/\/www.gefaesscentrum-koeln.de\/wp-content\/uploads\/2015\/06\/camci1.jpg 1000w, https:\/\/www.gefaesscentrum-koeln.de\/wp-content\/uploads\/2015\/06\/camci1-300x200.jpg 300w, https:\/\/www.gefaesscentrum-koeln.de\/wp-content\/uploads\/2015\/06\/camci1-700x466.jpg 700w\" sizes=\"auto, (max-width: 450px) 100vw, 450px\" \/><\/strong><\/p>\n<div class='q_list circle circle_number normal'><\/p>\n<ul>\n<li>Microsurgical Procedures of the Venous System<\/li>\n<li>Endovenous Radiofrequency \/ Laser Catheter Procedures<\/li>\n<li>Ablation Therapy<\/li>\n<li>Vascular Diagnostics<\/li>\n<li>Thrombosis Care<\/li>\n<li>Wound Care<\/li>\n<\/ul>\n<p><\/div>\n<p>\u00a0<\/p>\n<p><strong>Professional Development<\/strong><\/p>\n<div class='q_list circle circle_number normal'><\/p>\n<ul>\n<li>1979\u20131986: Study of Human Medicine in Aachen<\/li>\n<li>1986: Medical License &#8211; Physician<\/li>\n<li>1986\u20131989: Surgical and vascular surgical training by Prof. Dr. S. von Bary,\u00a0Kreiskrankenhaus Marienh\u00f6he, W\u00fcrselen (area hospital) (Lehrkrankenhaus der Universit\u00e4t Aachen &#8211; teaching hospital of the University of Aachen)<\/li>\n<li>1987: Doctorate Degree<\/li>\n<li>1988: Additional Designation Sports Medicine<\/li>\n<li>1989\u20131991: Internistic training by Prof. Kindler, Kreiskrankenhaus Marienh\u00f6he,\u00a0W\u00fcrselen (Lehrkrankenhaus der Universit\u00e4t Aachen)<\/li>\n<li>1990: Doctor of General Medicine<\/li>\n<li>1991: Residency in Cologne with specialization in Angiology, Phlebology and Lymphology<\/li>\n<li>1993: Additional designation Phlebology<\/li>\n<li>2001\u20132012: Center for Vascular Medicine and Venous Surgery at the MediaPark Clinic, Cologne<\/li>\n<li>since 2013: Center for Vascular Medicine and Venous Surgery at Beethovenstra\u00dfe 5\u201313, Cologne<\/li>\n<\/ul>\n<p>\u00a0<\/p>\n<p><\/div>\n<p><strong>Other Activities: <\/strong><\/p>\n<p>Member of numerous professional specialty associations: Deutsche Gesellschaft f\u00fcr Phlebologie (DGP) (German Assoc. for Phlebology), Deutsche\u00a0Gesellschaft f\u00fcr Angiologie (DGA) (German Assoc. for Angiology), Deutsche Gesellschaft f\u00fcr Gef\u00e4\u00dfchirurgie DGG) (German Assoc. for Vascular Surgery), Gef\u00e4\u00df Gesellschaft West e.V.(GG West) (Vascular Association West), Gesellschaft Deutschsprachiger Lymphologen (GDL) (Assoc. for German-speaking Lymphologists),\u00a0Deutsche Liga zur Bek\u00e4mpfung von Gef\u00e4\u00dfkrankheiten (German League for the Fight Against Vascular Diseases)<\/p>\n<p>\u00a0<\/p>\n<p><strong>Scientific and public activities: <\/strong><\/p>\n<div class='q_list circle circle_number normal'><\/p>\n<ul>\n<li>Board Member of the Deutsche Liga zur Bek\u00e4mpfung von Gef\u00e4\u00dfkrankheiten (German League for the Fight against Vascular Diseases)<\/li>\n<li>Training authorization for the additional designation Phlebology,<\/li>\n<li>2001\u20132003: Adjunct Professor at the University of Cologne with specialization in the teaching of vascular diseases,<\/li>\n<li>2005: Chairman of the Annual Conference of the German Association for Phlebology, numerous publications and scientific presentations, advisory committee of specialty publications, co-author of specialty books and textbooks<\/li>\n<li>since 2007: appointed by the North Rhine Chamber of Physicians as Principal Investigator for the additional designation Phlebology<\/li>\n<\/ul>\n<p><\/div>\n<p>\u00a0<\/p>\n<p>* special services provided based on self report<\/p>\n","protected":false},"excerpt":{"rendered":"<p>Areas of Specialization* \u00a0 Professional Development Other Activities: Member of numerous professional specialty associations: Deutsche Gesellschaft f\u00fcr Phlebologie (DGP) (German Assoc. for Phlebology), Deutsche\u00a0Gesellschaft f\u00fcr Angiologie (DGA) (German Assoc. for&#8230;<\/p>\n","protected":false},"author":1,"featured_media":0,"parent":22508,"menu_order":0,"comment_status":"closed","ping_status":"open","template":"","meta":{"footnotes":""},"class_list":["post-22516","page","type-page","status-publish","hentry"],"_links":{"self":[{"href":"https:\/\/www.gefaesscentrum-koeln.de\/en\/wp-json\/wp\/v2\/pages\/22516","targetHints":{"allow":["GET"]}}],"collection":[{"href":"https:\/\/www.gefaesscentrum-koeln.de\/en\/wp-json\/wp\/v2\/pages"}],"about":[{"href":"https:\/\/www.gefaesscentrum-koeln.de\/en\/wp-json\/wp\/v2\/types\/page"}],"author":[{"embeddable":true,"href":"https:\/\/www.gefaesscentrum-koeln.de\/en\/wp-json\/wp\/v2\/users\/1"}],"replies":[{"embeddable":true,"href":"https:\/\/www.gefaesscentrum-koeln.de\/en\/wp-json\/wp\/v2\/comments?post=22516"}],"version-history":[{"count":0,"href":"https:\/\/www.gefaesscentrum-koeln.de\/en\/wp-json\/wp\/v2\/pages\/22516\/revisions"}],"up":[{"embeddable":true,"href":"https:\/\/www.gefaesscentrum-koeln.de\/en\/wp-json\/wp\/v2\/pages\/22508"}],"wp:attachment":[{"href":"https:\/\/www.gefaesscentrum-koeln.de\/en\/wp-json\/wp\/v2\/media?parent=22516"}],"curies":[{"name":"wp","href":"https:\/\/api.w.org\/{rel}","templated":true}]}}