{"id":22515,"date":"2014-12-20T11:44:24","date_gmt":"2014-12-20T10:44:24","guid":{"rendered":"http:\/\/www.gefaesscentrum-koeln.de\/en\/practice-and-physician-team\/dr-med-nanita-koenig"},"modified":"2020-10-26T17:03:49","modified_gmt":"2020-10-26T16:03:49","slug":"dr-med-nanita-koenig","status":"publish","type":"page","link":"https:\/\/www.gefaesscentrum-koeln.de\/en\/practice-and-physician-team\/dr-med-nanita-koenig","title":{"rendered":"Dr. med. Nanita K\u00f6nig"},"content":{"rendered":"<p><strong><img loading=\"lazy\" decoding=\"async\" class=\"alignright wp-image-23037\" src=\"https:\/\/www.gefaesscentrum-koeln.de\/wp-content\/uploads\/2020\/10\/Koenig-cam23.jpg\" alt=\"\" width=\"450\" height=\"300\" srcset=\"https:\/\/www.gefaesscentrum-koeln.de\/wp-content\/uploads\/2020\/10\/Koenig-cam23.jpg 1000w, https:\/\/www.gefaesscentrum-koeln.de\/wp-content\/uploads\/2020\/10\/Koenig-cam23-300x200.jpg 300w, https:\/\/www.gefaesscentrum-koeln.de\/wp-content\/uploads\/2020\/10\/Koenig-cam23-768x512.jpg 768w, https:\/\/www.gefaesscentrum-koeln.de\/wp-content\/uploads\/2020\/10\/Koenig-cam23-700x467.jpg 700w\" sizes=\"auto, (max-width: 450px) 100vw, 450px\" \/>Areas of Specialization*<\/strong><\/p>\n<div class='q_list circle circle_number normal'><\/p>\n<ul>\n<li>Microsurgical Procedures of the Venous System<\/li>\n<li>Endovenous Radiofrequency \/ Laser Catheter Procedures<\/li>\n<li>Ablation Therapy<\/li>\n<li>Vascular Diagnostics<\/li>\n<li>Thrombosis Care<\/li>\n<li>Wound Care<\/li>\n<\/ul>\n<p><\/div>\n<p><strong>Professional Development<\/strong><\/p>\n<div class='q_list circle circle_number normal'><\/p>\n<ul>\n<li>1984\u20131989: Study of Human Medicine, Ruprecht Karls University Heidelberg, Eberhard Karls\u00a0University T\u00fcbingen<\/li>\n<li>1989\u20131990: Practical year (Internal Medicine, Surgery, Dermatology)<\/li>\n<li>1991: Doctorate Degree<\/li>\n<li>1991\u20131992: Intern (Psychiatry, Surgery)<\/li>\n<li>1992: Medical License &#8211; Physician<\/li>\n<li>1992\u20131998: Surgical training at Kreiskrankenhaus Albstadt-Ebingen (area hospital), teaching hospital of the University T\u00fcbingen (Medical Superintendent Dr. J. Faiss) and Kreiskrankenhaus Balingen (Medical Superintendent Dr. W.\u00a0Heinrich)<\/li>\n<li>1998: Specialist in Surgery<\/li>\n<li>2000-2005: Part-time employment at the Praxisklinik f\u00fcr Gef\u00e4\u00dferkrankungen M. Dorka (practice clinic for vascular diseases)<\/li>\n<li>2003: Phlebology designation<\/li>\n<li>2006\u20132013: Specialist at the Venenclinik (Vein Clinic) Hochstra\u00dfe Bad Neuenahr, Medical Superintendent\u00a0Dr. P.M. Baier, since 2008 in the role of Senior Physician<\/li>\n<li>since February 2013: Specialist at the Center for Vascular Medicine and Venous Surgery, Cologne<\/li>\n<\/ul>\n<p><\/div>\n<p><strong>Other<\/strong><\/p>\n<div class='q_list circle circle_number normal'><\/p>\n<ul>\n<li>Member of the Berufsverband der Deutschen Chirurgen e.V. (Professional Association of German Surgeons)<\/li>\n<li>Participation at conferences of the Deutsche Gesellschaft f\u00fcr Angiologie, Gef\u00e4\u00dfchirurgie und\u00a0Phlebologie (German Association for Angiology, Vascular Surgery, and Phlebology)<\/li>\n<li>Since 2002 Physician at the Schulungszentrum Antikoagulation Mayen (Anticoagulation Training Center)<\/li>\n<li>1980\u20131984: Study of Social Education<\/li>\n<li>1984: Staatl. An. Diplom-Sozialp\u00e4dagogin (degreed social educator, state authorized)<\/li>\n<li>Foreign languages: English, French<\/li>\n<li>Married, 2 children<\/li>\n<\/ul>\n<p><\/div>\n","protected":false},"excerpt":{"rendered":"<p>Areas of Specialization* Professional Development Other<\/p>\n","protected":false},"author":1,"featured_media":0,"parent":22508,"menu_order":0,"comment_status":"closed","ping_status":"open","template":"","meta":{"footnotes":""},"class_list":["post-22515","page","type-page","status-publish","hentry"],"_links":{"self":[{"href":"https:\/\/www.gefaesscentrum-koeln.de\/en\/wp-json\/wp\/v2\/pages\/22515","targetHints":{"allow":["GET"]}}],"collection":[{"href":"https:\/\/www.gefaesscentrum-koeln.de\/en\/wp-json\/wp\/v2\/pages"}],"about":[{"href":"https:\/\/www.gefaesscentrum-koeln.de\/en\/wp-json\/wp\/v2\/types\/page"}],"author":[{"embeddable":true,"href":"https:\/\/www.gefaesscentrum-koeln.de\/en\/wp-json\/wp\/v2\/users\/1"}],"replies":[{"embeddable":true,"href":"https:\/\/www.gefaesscentrum-koeln.de\/en\/wp-json\/wp\/v2\/comments?post=22515"}],"version-history":[{"count":1,"href":"https:\/\/www.gefaesscentrum-koeln.de\/en\/wp-json\/wp\/v2\/pages\/22515\/revisions"}],"predecessor-version":[{"id":23046,"href":"https:\/\/www.gefaesscentrum-koeln.de\/en\/wp-json\/wp\/v2\/pages\/22515\/revisions\/23046"}],"up":[{"embeddable":true,"href":"https:\/\/www.gefaesscentrum-koeln.de\/en\/wp-json\/wp\/v2\/pages\/22508"}],"wp:attachment":[{"href":"https:\/\/www.gefaesscentrum-koeln.de\/en\/wp-json\/wp\/v2\/media?parent=22515"}],"curies":[{"name":"wp","href":"https:\/\/api.w.org\/{rel}","templated":true}]}}