{"id":22508,"date":"2014-12-22T14:13:13","date_gmt":"2014-12-22T13:13:13","guid":{"rendered":"http:\/\/www.gefaesscentrum-koeln.de\/en\/practice-and-physician-team"},"modified":"2020-10-26T17:14:43","modified_gmt":"2020-10-26T16:14:43","slug":"practice-and-physician-team","status":"publish","type":"page","link":"https:\/\/www.gefaesscentrum-koeln.de\/en\/practice-and-physician-team","title":{"rendered":"Practice and Physician Team"},"content":{"rendered":"<div class=\"wpb-content-wrapper\"><p>[vc_row row_type=&#8221;row&#8221; use_row_as_full_screen_section=&#8221;no&#8221; type=&#8221;full_width&#8221; text_align=&#8221;left&#8221; css_animation=&#8221;&#8221;][vc_column][vc_column_text]<img loading=\"lazy\" decoding=\"async\" class=\"alignleft wp-image-23050\" src=\"https:\/\/www.gefaesscentrum-koeln.de\/wp-content\/uploads\/2020\/10\/camTeam2-1.jpg\" alt=\"\" width=\"550\" height=\"314\" srcset=\"https:\/\/www.gefaesscentrum-koeln.de\/wp-content\/uploads\/2020\/10\/camTeam2-1.jpg 837w, https:\/\/www.gefaesscentrum-koeln.de\/wp-content\/uploads\/2020\/10\/camTeam2-1-300x171.jpg 300w, https:\/\/www.gefaesscentrum-koeln.de\/wp-content\/uploads\/2020\/10\/camTeam2-1-768x439.jpg 768w, https:\/\/www.gefaesscentrum-koeln.de\/wp-content\/uploads\/2020\/10\/camTeam2-1-345x198.jpg 345w, https:\/\/www.gefaesscentrum-koeln.de\/wp-content\/uploads\/2020\/10\/camTeam2-1-700x400.jpg 700w\" sizes=\"auto, (max-width: 550px) 100vw, 550px\" \/>[\/vc_column_text][\/vc_column][\/vc_row][vc_row row_type=&#8221;row&#8221; use_row_as_full_screen_section=&#8221;no&#8221; type=&#8221;full_width&#8221; text_align=&#8221;left&#8221; css_animation=&#8221;&#8221;][vc_column][vc_column_text]Dr. med. Mete Camci has been active as a Vascular Specialist in Cologne since 1991. As an expert in the areas of arterial, venous, and lymphatic circulation disorders, Dr. Camci has the authority to provide postgraduate training in the field of phlebology and served as an adjunct professor at the University of Cologne with a specialty in vascular diseases. He is a member of several renowned specialty associations and a board member of the Deutsche Gef\u00e4\u00dfliga (German Vascular League). In the year 2005, he was the chairman of the conference of the Deutsche Gesellschaft f\u00fcr Phlebologie (German Phlebology Association).[\/vc_column_text][\/vc_column][\/vc_row][vc_row row_type=&#8221;row&#8221; use_row_as_full_screen_section=&#8221;no&#8221; type=&#8221;full_width&#8221; text_align=&#8221;left&#8221; css_animation=&#8221;&#8221;][vc_column][vc_empty_space]<div class='cover_boxes' data-active-element='1'><ul class='clearfix'><li><div class='box'><a class='thumb' href='https:\/\/www.gefaesscentrum-koeln.de\/praxis-und-aerzte\/dr-med-mete-camci' target='_self'><img alt='Dr. med. Mete Camci' src='https:\/\/www.gefaesscentrum-koeln.de\/wp-content\/uploads\/2015\/06\/camci1.jpg' \/><\/a><div class='box_content'><h3  class='cover_box_title'>Dr. med. Mete Camci<\/h3><p ><\/p><a class='qbutton small' href='https:\/\/www.gefaesscentrum-koeln.de\/praxis-und-aerzte\/dr-med-mete-camci' target='_self'>read more<\/a><\/div><\/div><\/li><li><div class='box'><a class='thumb' href='https:\/\/www.gefaesscentrum-koeln.de\/praxis-und-aerzte\/dr-med-iliana-vecqueray-2' target='_self'><img alt='Dr. med. Iliana Vecqueray' src='https:\/\/www.gefaesscentrum-koeln.de\/wp-content\/uploads\/2015\/06\/camci2.jpg' \/><\/a><div class='box_content'><h3  class='cover_box_title'>Dr. med. Iliana Vecqueray<\/h3><p ><\/p><a class='qbutton small' href='https:\/\/www.gefaesscentrum-koeln.de\/praxis-und-aerzte\/dr-med-iliana-vecqueray-2' target='_self'>read more<\/a><\/div><\/div><\/li><li><div class='box'><a class='thumb' href='https:\/\/www.gefaesscentrum-koeln.de\/praxis-und-aerzte\/dr-med-nanita-koenig' target='_self'><img alt='Dr. med. Nanita K\u00f6nig' src='https:\/\/www.gefaesscentrum-koeln.de\/wp-content\/uploads\/2020\/10\/Koenig-cam23.jpg' \/><\/a><div class='box_content'><h3  class='cover_box_title'>Dr. med. Nanita K\u00f6nig<\/h3><p ><\/p><a class='qbutton small' href='https:\/\/www.gefaesscentrum-koeln.de\/praxis-und-aerzte\/dr-med-nanita-koenig' target='_self'>read more<\/a><\/div><\/div><\/li><\/ul><\/div>[vc_empty_space]<div class='cover_boxes' data-active-element='1'><ul class='clearfix'><li><div class='box'><a class='thumb' href='https:\/\/www.gefaesscentrum-koeln.de\/praxis-und-aerzte\/dr-bianka-kohlmueller' target='_self'><img alt='Dr. med. Bianka Kohlm\u00fcller' src='https:\/\/www.gefaesscentrum-koeln.de\/wp-content\/uploads\/2020\/10\/Kohlmueller-cam18neu.jpg' \/><\/a><div class='box_content'><h3  class='cover_box_title'>Dr. med. Bianka Kohlm\u00fcller<\/h3><p ><\/p><a class='qbutton small' href='https:\/\/www.gefaesscentrum-koeln.de\/praxis-und-aerzte\/dr-bianka-kohlmueller' target='_self'>read more<\/a><\/div><\/div><\/li><li><div class='box'><a class='thumb' href='https:\/\/www.gefaesscentrum-koeln.de\/praxis-und-aerzte\/stephan-hartschen' target='_self'><img alt='Stephan Hartschen' src='https:\/\/www.gefaesscentrum-koeln.de\/wp-content\/uploads\/2015\/06\/camci4.jpg' \/><\/a><div class='box_content'><h3  class='cover_box_title'>Stephan Hartschen<\/h3><p ><\/p><a class='qbutton small' href='https:\/\/www.gefaesscentrum-koeln.de\/praxis-und-aerzte\/stephan-hartschen' target='_self'>read more<\/a><\/div><\/div><\/li><li><div class='box'><a class='thumb' href='https:\/\/www.gefaesscentrum-koeln.de\/praxis-und-aerzte\/anesa-lihovac' target='_self'><img alt='Dr. med. Anesa Lihovac' src='https:\/\/www.gefaesscentrum-koeln.de\/wp-content\/uploads\/2015\/01\/Anesa-Lihovac.jpg' \/><\/a><div class='box_content'><h3  class='cover_box_title'>Dr. med. Anesa Lihovac<\/h3><p ><\/p><a class='qbutton small' href='https:\/\/www.gefaesscentrum-koeln.de\/praxis-und-aerzte\/anesa-lihovac' target='_self'>read more<\/a><\/div><\/div><\/li><\/ul><\/div>[vc_empty_space][\/vc_column][\/vc_row][vc_row row_type=&#8221;row&#8221; use_row_as_full_screen_section=&#8221;no&#8221; type=&#8221;full_width&#8221; text_align=&#8221;left&#8221; css_animation=&#8221;&#8221;][vc_column][\/vc_column][\/vc_row]<\/p>\n<\/div>","protected":false},"excerpt":{"rendered":"<p>[vc_row row_type=&#8221;row&#8221; use_row_as_full_screen_section=&#8221;no&#8221; type=&#8221;full_width&#8221; text_align=&#8221;left&#8221; css_animation=&#8221;&#8221;][vc_column][vc_column_text][\/vc_column_text][\/vc_column][\/vc_row][vc_row row_type=&#8221;row&#8221; use_row_as_full_screen_section=&#8221;no&#8221; type=&#8221;full_width&#8221; text_align=&#8221;left&#8221; css_animation=&#8221;&#8221;][vc_column][vc_column_text]Dr. med. Mete Camci has been active as a Vascular Specialist in Cologne since 1991. As an expert in the&#8230;<\/p>\n","protected":false},"author":1,"featured_media":0,"parent":0,"menu_order":0,"comment_status":"closed","ping_status":"open","template":"","meta":{"footnotes":""},"class_list":["post-22508","page","type-page","status-publish","hentry"],"_links":{"self":[{"href":"https:\/\/www.gefaesscentrum-koeln.de\/en\/wp-json\/wp\/v2\/pages\/22508","targetHints":{"allow":["GET"]}}],"collection":[{"href":"https:\/\/www.gefaesscentrum-koeln.de\/en\/wp-json\/wp\/v2\/pages"}],"about":[{"href":"https:\/\/www.gefaesscentrum-koeln.de\/en\/wp-json\/wp\/v2\/types\/page"}],"author":[{"embeddable":true,"href":"https:\/\/www.gefaesscentrum-koeln.de\/en\/wp-json\/wp\/v2\/users\/1"}],"replies":[{"embeddable":true,"href":"https:\/\/www.gefaesscentrum-koeln.de\/en\/wp-json\/wp\/v2\/comments?post=22508"}],"version-history":[{"count":2,"href":"https:\/\/www.gefaesscentrum-koeln.de\/en\/wp-json\/wp\/v2\/pages\/22508\/revisions"}],"predecessor-version":[{"id":23053,"href":"https:\/\/www.gefaesscentrum-koeln.de\/en\/wp-json\/wp\/v2\/pages\/22508\/revisions\/23053"}],"wp:attachment":[{"href":"https:\/\/www.gefaesscentrum-koeln.de\/en\/wp-json\/wp\/v2\/media?parent=22508"}],"curies":[{"name":"wp","href":"https:\/\/api.w.org\/{rel}","templated":true}]}}