{"id":22507,"date":"2015-01-22T13:39:29","date_gmt":"2015-01-22T12:39:29","guid":{"rendered":"http:\/\/www.gefaesscentrum-koeln.de\/en\/our-team"},"modified":"2020-10-26T17:06:11","modified_gmt":"2020-10-26T16:06:11","slug":"our-team","status":"publish","type":"page","link":"https:\/\/www.gefaesscentrum-koeln.de\/en\/practice-and-physician-team\/our-team","title":{"rendered":"Our Team"},"content":{"rendered":"<div class=\"wpb-content-wrapper\"><p>[vc_row row_type=&#8221;row&#8221; use_row_as_full_screen_section=&#8221;yes&#8221; type=&#8221;full_width&#8221; text_align=&#8221;left&#8221; background_color=&#8221;#ffffff&#8221; border_color=&#8221;#ffffff&#8221; padding_top=&#8221;25&#8243; padding_bottom=&#8221;25&#8243; css_animation=&#8221;&#8221;][vc_column][vc_row_inner row_type=&#8221;row&#8221; type=&#8221;grid&#8221; use_row_as_full_screen_section_slide=&#8221;no&#8221; text_align=&#8221;left&#8221; css_animation=&#8221;&#8221;][vc_column_inner width=&#8221;1\/2&#8243;][vc_single_image image=&#8221;22066&#8243; img_size=&#8221;300&#215;200&#8243; alignment=&#8221;right&#8221; qode_css_animation=&#8221;&#8221;][\/vc_column_inner][vc_column_inner width=&#8221;1\/2&#8243;][vc_column_text]<\/p>\n<h5>SABINE CAMCI<\/h5>\n<p>MTA<\/p>\n<p>Healthcare Billing<\/p>\n<p>Integrated Care<\/p>\n<p>Accounting[\/vc_column_text][\/vc_column_inner][\/vc_row_inner][\/vc_column][\/vc_row][vc_row row_type=&#8221;row&#8221; use_row_as_full_screen_section=&#8221;no&#8221; type=&#8221;full_width&#8221; text_align=&#8221;left&#8221; background_color=&#8221;#f5f5f5&#8243; padding_top=&#8221;25&#8243; padding_bottom=&#8221;25&#8243; css_animation=&#8221;&#8221;][vc_column][vc_row_inner row_type=&#8221;row&#8221; type=&#8221;grid&#8221; use_row_as_full_screen_section_slide=&#8221;no&#8221; text_align=&#8221;right&#8221; css_animation=&#8221;&#8221;][vc_column_inner width=&#8221;1\/2&#8243;][vc_column_text]<\/p>\n<h5 style=\"text-align: right;\">SONJA GARBONIAK<\/h5>\n<p style=\"text-align: right;\">Healthcare Management Assistant<\/p>\n<p>Healthcare Billing<\/p>\n<p style=\"text-align: right;\">Integrated Care<\/p>\n<p style=\"text-align: right;\">Responsible for privacy policy<\/p>\n<p>[\/vc_column_text][\/vc_column_inner][vc_column_inner width=&#8221;1\/2&#8243;][vc_single_image image=&#8221;22079&#8243; img_size=&#8221;300&#215;200&#8243; qode_css_animation=&#8221;&#8221;][\/vc_column_inner][\/vc_row_inner][\/vc_column][\/vc_row][vc_row row_type=&#8221;row&#8221; use_row_as_full_screen_section=&#8221;no&#8221; type=&#8221;full_width&#8221; text_align=&#8221;left&#8221; background_color=&#8221;#ffffff&#8221; border_color=&#8221;#ffffff&#8221; padding_top=&#8221;25&#8243; padding_bottom=&#8221;25&#8243; css_animation=&#8221;&#8221;][vc_column][vc_row_inner row_type=&#8221;row&#8221; type=&#8221;grid&#8221; use_row_as_full_screen_section_slide=&#8221;no&#8221; text_align=&#8221;right&#8221; css_animation=&#8221;&#8221;][vc_column_inner width=&#8221;1\/2&#8243;][vc_single_image image=&#8221;21765&#8243; img_size=&#8221;300&#215;200&#8243; alignment=&#8221;right&#8221; qode_css_animation=&#8221;&#8221; transition_delay=&#8221;0,5&#8243;][\/vc_column_inner][vc_column_inner width=&#8221;1\/2&#8243;][vc_column_text]<\/p>\n<h5 style=\"text-align: left;\">ELKE HAMMERMANN<\/h5>\n<p style=\"text-align: left;\">medizinische Fachangestellte<\/p>\n<p style=\"text-align: left;\">Terminmanagement<\/p>\n<p style=\"text-align: left;\">OP- Anmeldung<\/p>\n<p>[\/vc_column_text][\/vc_column_inner][\/vc_row_inner][\/vc_column][\/vc_row][vc_row row_type=&#8221;row&#8221; use_row_as_full_screen_section=&#8221;no&#8221; type=&#8221;full_width&#8221; text_align=&#8221;left&#8221; background_color=&#8221;#f5f5f5&#8243; padding_top=&#8221;25&#8243; padding_bottom=&#8221;25&#8243; css_animation=&#8221;&#8221;][vc_column][vc_row_inner row_type=&#8221;row&#8221; type=&#8221;grid&#8221; use_row_as_full_screen_section_slide=&#8221;no&#8221; text_align=&#8221;right&#8221; css_animation=&#8221;&#8221;][vc_column_inner width=&#8221;1\/2&#8243;][vc_column_text]<\/p>\n<h5>MICHELLE NADINE INFANTOLLINO<\/h5>\n<p class=\"p1\"><span class=\"s1\">Sekret\u00e4rin<br \/>\nTerminmanagement<\/span><\/p>\n<p>[\/vc_column_text][\/vc_column_inner][vc_column_inner width=&#8221;1\/2&#8243;][vc_single_image image=&#8221;22997&#8243; img_size=&#8221;300&#215;200&#8243; qode_css_animation=&#8221;&#8221; transition_delay=&#8221;0,5&#8243;][\/vc_column_inner][\/vc_row_inner][\/vc_column][\/vc_row][vc_row row_type=&#8221;row&#8221; use_row_as_full_screen_section=&#8221;yes&#8221; type=&#8221;full_width&#8221; text_align=&#8221;left&#8221; background_color=&#8221;#ffffff&#8221; border_color=&#8221;#ffffff&#8221; padding_top=&#8221;25&#8243; padding_bottom=&#8221;25&#8243; css_animation=&#8221;&#8221;][vc_column][vc_row_inner row_type=&#8221;row&#8221; type=&#8221;grid&#8221; use_row_as_full_screen_section_slide=&#8221;no&#8221; text_align=&#8221;left&#8221; css_animation=&#8221;&#8221;][vc_column_inner width=&#8221;1\/2&#8243;][vc_single_image image=&#8221;22994&#8243; img_size=&#8221;300&#215;200&#8243; alignment=&#8221;right&#8221; qode_css_animation=&#8221;&#8221; transition_delay=&#8221;0,5&#8243;][\/vc_column_inner][vc_column_inner width=&#8221;1\/2&#8243;][vc_column_text]<\/p>\n<h5 style=\"text-align: left;\">SONJA LANG<\/h5>\n<p style=\"text-align: left;\">Medizinische Fachangestellte<br \/>\nTerminmanagement<\/p>\n<p>[\/vc_column_text][\/vc_column_inner][\/vc_row_inner][\/vc_column][\/vc_row][vc_row row_type=&#8221;row&#8221; use_row_as_full_screen_section=&#8221;yes&#8221; type=&#8221;full_width&#8221; text_align=&#8221;left&#8221; background_color=&#8221;#f5f5f5&#8243; border_color=&#8221;#ffffff&#8221; padding_top=&#8221;25&#8243; padding_bottom=&#8221;25&#8243; css_animation=&#8221;&#8221;][vc_column][vc_row_inner row_type=&#8221;row&#8221; type=&#8221;grid&#8221; use_row_as_full_screen_section_slide=&#8221;no&#8221; text_align=&#8221;left&#8221; css_animation=&#8221;&#8221;][vc_column_inner width=&#8221;1\/2&#8243;][vc_column_text]<\/p>\n<h5 style=\"text-align: right;\">Melanie Vogel<\/h5>\n<p style=\"text-align: right;\">Medizinische Fachangestellte<\/p>\n<p style=\"text-align: right;\">Wundassistentin f\u00fcr diabetische F\u00fc\u00dfe<\/p>\n<p style=\"text-align: right;\">Gerinnungsassistentin<\/p>\n<p>[\/vc_column_text][\/vc_column_inner][vc_column_inner width=&#8221;1\/2&#8243;][vc_single_image image=&#8221;21767&#8243; img_size=&#8221;300&#215;200&#8243; qode_css_animation=&#8221;&#8221;][\/vc_column_inner][\/vc_row_inner][\/vc_column][\/vc_row][vc_row row_type=&#8221;row&#8221; use_row_as_full_screen_section=&#8221;yes&#8221; type=&#8221;full_width&#8221; text_align=&#8221;left&#8221; background_color=&#8221;#ffffff&#8221; border_color=&#8221;#ffffff&#8221; padding_top=&#8221;25&#8243; padding_bottom=&#8221;25&#8243; css_animation=&#8221;&#8221;][vc_column][vc_row_inner row_type=&#8221;row&#8221; type=&#8221;grid&#8221; use_row_as_full_screen_section_slide=&#8221;no&#8221; text_align=&#8221;left&#8221; css_animation=&#8221;&#8221;][vc_column_inner width=&#8221;1\/2&#8243;][vc_single_image image=&#8221;21763&#8243; img_size=&#8221;300&#215;200&#8243; alignment=&#8221;right&#8221; qode_css_animation=&#8221;&#8221; transition_delay=&#8221;0,5&#8243;][\/vc_column_inner][vc_column_inner width=&#8221;1\/2&#8243;][vc_column_text]<\/p>\n<h5>BRITTA BR\u00d6GELMANN<\/h5>\n<p>Medizinische Fachangestellte<\/p>\n<p>Rezeption\/ Anmeldung<\/p>\n<p>[\/vc_column_text][\/vc_column_inner][\/vc_row_inner][\/vc_column][\/vc_row][vc_row row_type=&#8221;row&#8221; use_row_as_full_screen_section=&#8221;yes&#8221; type=&#8221;full_width&#8221; text_align=&#8221;left&#8221; background_color=&#8221;#f5f5f5&#8243; border_color=&#8221;#ffffff&#8221; padding_top=&#8221;25&#8243; padding_bottom=&#8221;25&#8243; css_animation=&#8221;&#8221;][vc_column][vc_row_inner row_type=&#8221;row&#8221; type=&#8221;grid&#8221; use_row_as_full_screen_section_slide=&#8221;no&#8221; text_align=&#8221;left&#8221; css_animation=&#8221;&#8221;][vc_column_inner width=&#8221;1\/2&#8243;][vc_column_text]<\/p>\n<h5 style=\"text-align: right;\">VANESSA KARG<\/h5>\n<p style=\"text-align: right;\">Medizinische Fachangestellte<\/p>\n<p style=\"text-align: right;\">Zertifizierte OP-Assistentin<\/p>\n<p style=\"text-align: right;\">Wundassistentin<\/p>\n<p style=\"text-align: right;\">Zertifizierte Hygienebeauftragte<\/p>\n<p>[\/vc_column_text][\/vc_column_inner][vc_column_inner width=&#8221;1\/2&#8243;][vc_single_image image=&#8221;23039&#8243; img_size=&#8221;300&#215;200&#8243; qode_css_animation=&#8221;&#8221;][\/vc_column_inner][\/vc_row_inner][\/vc_column][\/vc_row][vc_row row_type=&#8221;row&#8221; use_row_as_full_screen_section=&#8221;no&#8221; type=&#8221;full_width&#8221; text_align=&#8221;left&#8221; background_color=&#8221;#ffffff&#8221; padding_top=&#8221;25&#8243; padding_bottom=&#8221;25&#8243; css_animation=&#8221;&#8221;][vc_column][vc_row_inner row_type=&#8221;row&#8221; type=&#8221;grid&#8221; use_row_as_full_screen_section_slide=&#8221;no&#8221; text_align=&#8221;left&#8221; css_animation=&#8221;&#8221;][vc_column_inner width=&#8221;1\/2&#8243;][vc_single_image image=&#8221;22901&#8243; img_size=&#8221;300&#215;200&#8243; alignment=&#8221;right&#8221; qode_css_animation=&#8221;&#8221; transition_delay=&#8221;0,5&#8243;][\/vc_column_inner][vc_column_inner width=&#8221;1\/2&#8243;][vc_column_text]<\/p>\n<h5>BET\u00dcL ERYIGIT<\/h5>\n<p>Medizinische Fachangestellte<br \/>\nZertifizierte OP Assistentin<\/p>\n<p>[\/vc_column_text][\/vc_column_inner][\/vc_row_inner][\/vc_column][\/vc_row][vc_row row_type=&#8221;row&#8221; use_row_as_full_screen_section=&#8221;yes&#8221; type=&#8221;full_width&#8221; text_align=&#8221;left&#8221; background_color=&#8221;#f5f5f5&#8243; border_color=&#8221;#ffffff&#8221; padding_top=&#8221;25&#8243; padding_bottom=&#8221;25&#8243; css_animation=&#8221;&#8221;][vc_column][vc_row_inner row_type=&#8221;row&#8221; type=&#8221;grid&#8221; use_row_as_full_screen_section_slide=&#8221;no&#8221; text_align=&#8221;left&#8221; css_animation=&#8221;&#8221;][vc_column_inner width=&#8221;1\/2&#8243;][vc_column_text]<\/p>\n<h5 style=\"text-align: right;\">ROJDA SEVINC<\/h5>\n<p style=\"text-align: right;\">Medizinische Fachangestellte<\/p>\n<p>[\/vc_column_text][\/vc_column_inner][vc_column_inner width=&#8221;1\/2&#8243;][vc_single_image image=&#8221;21769&#8243; img_size=&#8221;300&#215;200&#8243; qode_css_animation=&#8221;&#8221;][\/vc_column_inner][\/vc_row_inner][\/vc_column][\/vc_row][vc_row row_type=&#8221;row&#8221; use_row_as_full_screen_section=&#8221;no&#8221; type=&#8221;full_width&#8221; text_align=&#8221;left&#8221; background_color=&#8221;#ffffff&#8221; padding_top=&#8221;25&#8243; padding_bottom=&#8221;25&#8243; css_animation=&#8221;&#8221;][vc_column][vc_row_inner row_type=&#8221;row&#8221; type=&#8221;grid&#8221; use_row_as_full_screen_section_slide=&#8221;no&#8221; text_align=&#8221;left&#8221; css_animation=&#8221;&#8221;][vc_column_inner width=&#8221;1\/2&#8243;][vc_single_image image=&#8221;22799&#8243; img_size=&#8221;300&#215;200&#8243; alignment=&#8221;right&#8221; qode_css_animation=&#8221;&#8221; transition_delay=&#8221;0,5&#8243;][\/vc_column_inner][vc_column_inner width=&#8221;1\/2&#8243;][vc_column_text]<\/p>\n<h5>SIMONE SCHIEBLER<\/h5>\n<p class=\"p1\"><span class=\"s1\">Medizinische Fachangestellte<\/span><\/p>\n<p>[\/vc_column_text][\/vc_column_inner][\/vc_row_inner][\/vc_column][\/vc_row][vc_row row_type=&#8221;row&#8221; use_row_as_full_screen_section=&#8221;no&#8221; type=&#8221;full_width&#8221; text_align=&#8221;left&#8221; background_color=&#8221;#f5f5f5&#8243; padding_top=&#8221;25&#8243; padding_bottom=&#8221;25&#8243; css_animation=&#8221;&#8221;][vc_column][vc_row_inner row_type=&#8221;row&#8221; type=&#8221;grid&#8221; use_row_as_full_screen_section_slide=&#8221;no&#8221; text_align=&#8221;right&#8221; css_animation=&#8221;&#8221;][vc_column_inner width=&#8221;1\/2&#8243;][vc_column_text]<\/p>\n<h5>GIL M\u00dcLLER<\/h5>\n<p>Medizinische Fachangestellte<\/p>\n<p>[\/vc_column_text][\/vc_column_inner][vc_column_inner width=&#8221;1\/2&#8243;][vc_single_image image=&#8221;22060&#8243; img_size=&#8221;300&#215;200&#8243; qode_css_animation=&#8221;&#8221; transition_delay=&#8221;0,5&#8243;][\/vc_column_inner][\/vc_row_inner][\/vc_column][\/vc_row][vc_row row_type=&#8221;row&#8221; use_row_as_full_screen_section=&#8221;yes&#8221; type=&#8221;full_width&#8221; text_align=&#8221;left&#8221; background_color=&#8221;#ffffff&#8221; border_color=&#8221;#ffffff&#8221; padding_top=&#8221;25&#8243; padding_bottom=&#8221;25&#8243; css_animation=&#8221;&#8221;][vc_column][vc_row_inner row_type=&#8221;row&#8221; type=&#8221;grid&#8221; use_row_as_full_screen_section_slide=&#8221;no&#8221; text_align=&#8221;left&#8221; css_animation=&#8221;&#8221;][vc_column_inner width=&#8221;1\/2&#8243;][vc_single_image image=&#8221;22995&#8243; img_size=&#8221;300&#215;200&#8243; alignment=&#8221;right&#8221; qode_css_animation=&#8221;&#8221;][\/vc_column_inner][vc_column_inner width=&#8221;1\/2&#8243;][vc_column_text]<\/p>\n<h5>OLGA MAJ<\/h5>\n<p>Medizinische Fachangestellte<\/p>\n<p>[\/vc_column_text][\/vc_column_inner][\/vc_row_inner][\/vc_column][\/vc_row][vc_row row_type=&#8221;row&#8221; use_row_as_full_screen_section=&#8221;no&#8221; type=&#8221;full_width&#8221; text_align=&#8221;left&#8221; background_color=&#8221;#f5f5f5&#8243; padding_top=&#8221;25&#8243; padding_bottom=&#8221;25&#8243; css_animation=&#8221;&#8221;][vc_column][vc_row_inner row_type=&#8221;row&#8221; type=&#8221;grid&#8221; use_row_as_full_screen_section_slide=&#8221;no&#8221; text_align=&#8221;right&#8221; css_animation=&#8221;&#8221;][vc_column_inner width=&#8221;1\/2&#8243;][vc_column_text]<\/p>\n<h5>JASMIN IRAMDANE<\/h5>\n<p class=\"p1\">Auszubildende<\/p>\n<p>[\/vc_column_text][\/vc_column_inner][vc_column_inner width=&#8221;1\/2&#8243;][vc_single_image image=&#8221;22996&#8243; img_size=&#8221;300&#215;200&#8243; qode_css_animation=&#8221;&#8221; transition_delay=&#8221;0,5&#8243;][\/vc_column_inner][\/vc_row_inner][\/vc_column][\/vc_row]<\/p>\n<\/div>","protected":false},"excerpt":{"rendered":"<p>[vc_row row_type=&#8221;row&#8221; use_row_as_full_screen_section=&#8221;yes&#8221; type=&#8221;full_width&#8221; text_align=&#8221;left&#8221; background_color=&#8221;#ffffff&#8221; border_color=&#8221;#ffffff&#8221; padding_top=&#8221;25&#8243; padding_bottom=&#8221;25&#8243; css_animation=&#8221;&#8221;][vc_column][vc_row_inner row_type=&#8221;row&#8221; type=&#8221;grid&#8221; use_row_as_full_screen_section_slide=&#8221;no&#8221; text_align=&#8221;left&#8221; css_animation=&#8221;&#8221;][vc_column_inner width=&#8221;1\/2&#8243;][vc_single_image image=&#8221;22066&#8243; img_size=&#8221;300&#215;200&#8243; alignment=&#8221;right&#8221; qode_css_animation=&#8221;&#8221;][\/vc_column_inner][vc_column_inner width=&#8221;1\/2&#8243;][vc_column_text] SABINE CAMCI MTA Healthcare Billing Integrated Care Accounting[\/vc_column_text][\/vc_column_inner][\/vc_row_inner][\/vc_column][\/vc_row][vc_row row_type=&#8221;row&#8221;&#8230;<\/p>\n","protected":false},"author":1,"featured_media":0,"parent":22508,"menu_order":0,"comment_status":"closed","ping_status":"open","template":"full_width.php","meta":{"footnotes":""},"class_list":["post-22507","page","type-page","status-publish","hentry"],"_links":{"self":[{"href":"https:\/\/www.gefaesscentrum-koeln.de\/en\/wp-json\/wp\/v2\/pages\/22507","targetHints":{"allow":["GET"]}}],"collection":[{"href":"https:\/\/www.gefaesscentrum-koeln.de\/en\/wp-json\/wp\/v2\/pages"}],"about":[{"href":"https:\/\/www.gefaesscentrum-koeln.de\/en\/wp-json\/wp\/v2\/types\/page"}],"author":[{"embeddable":true,"href":"https:\/\/www.gefaesscentrum-koeln.de\/en\/wp-json\/wp\/v2\/users\/1"}],"replies":[{"embeddable":true,"href":"https:\/\/www.gefaesscentrum-koeln.de\/en\/wp-json\/wp\/v2\/comments?post=22507"}],"version-history":[{"count":5,"href":"https:\/\/www.gefaesscentrum-koeln.de\/en\/wp-json\/wp\/v2\/pages\/22507\/revisions"}],"predecessor-version":[{"id":23048,"href":"https:\/\/www.gefaesscentrum-koeln.de\/en\/wp-json\/wp\/v2\/pages\/22507\/revisions\/23048"}],"up":[{"embeddable":true,"href":"https:\/\/www.gefaesscentrum-koeln.de\/en\/wp-json\/wp\/v2\/pages\/22508"}],"wp:attachment":[{"href":"https:\/\/www.gefaesscentrum-koeln.de\/en\/wp-json\/wp\/v2\/media?parent=22507"}],"curies":[{"name":"wp","href":"https:\/\/api.w.org\/{rel}","templated":true}]}}