{"id":22502,"date":"2015-02-22T13:24:48","date_gmt":"2015-02-22T12:24:48","guid":{"rendered":"http:\/\/www.gefaesscentrum-koeln.de\/en\/legal-notices"},"modified":"2026-01-27T17:56:01","modified_gmt":"2026-01-27T16:56:01","slug":"legal-notices","status":"publish","type":"page","link":"https:\/\/www.gefaesscentrum-koeln.de\/en\/legal-notices","title":{"rendered":"Legal Notices"},"content":{"rendered":"<div class=\"wpb-content-wrapper\"><p>[vc_row row_type=&#8221;row&#8221; use_row_as_full_screen_section=&#8221;no&#8221; type=&#8221;full_width&#8221; text_align=&#8221;left&#8221; css_animation=&#8221;&#8221;][vc_column][vc_column_text css=&#8221;&#8221;]<\/p>\n<h1>Legal Notice<\/h1>\n<p>MVZ f\u00fcr Gef\u00e4\u00dfmedizin und Venenchirurgie K\u00f6ln<\/p>\n<p>&nbsp;<\/p>\n<p>Operated by<br \/>\nMVZ Corius K\u00f6ln Beethovenstra\u00dfe GmbH<\/p>\n<p>Beethovenstra\u00dfe 5\u201313<\/p>\n<p>50674 K\u00f6ln<\/p>\n<p>Phone: <a href=\"tel:+492212221770\">+49 (0)221 \/ 22 21 77 0<\/a><\/p>\n<p>Fax: <a href=\"http:\/\/+4922122217735\">+49 (0)221 \/ 22 21 77 35<\/a><\/p>\n<p>email: <a href=\"mailto:info@gefaesscentrum-koeln.de\">info@gefaesscentrum-koeln.de<\/a><\/p>\n<p>&nbsp;<\/p>\n<p>Das MVZ f\u00fcr Gef\u00e4\u00dfmedizin und Venenchirurgie K\u00f6ln is part of the CORIUS Group<\/p>\n<p>Corius Deutschland GmbH<\/p>\n<p>Karlstra\u00dfe 60<\/p>\n<p>80333 M\u00fcnchen<\/p>\n<p><a href=\"http:\/\/www.corius.de\">www.corius.de<\/a><\/p>\n<p>&nbsp;<\/p>\n<p><strong>Authorised Partners<\/strong><\/p>\n<p>Dr. med. Mete Camci, Heidi Niem\u00f6ller, Jan Zeiler<\/p>\n<p>&nbsp;<\/p>\n<p><strong>Job title<\/strong><\/p>\n<p>Medical practitioners (authorisation granted in Germany)<br \/>\nVascular Surgery<\/p>\n<p>&nbsp;<\/p>\n<p><strong>Professional Code<\/strong><\/p>\n<p><a href=\"https:\/\/www.aekno.de\/fileadmin\/user_upload\/aekno\/downloads\/2022\/berufsordnung-2021.pdf\">Landes\u00e4rztekammer Nordrhein<\/a><\/p>\n<p>&nbsp;<\/p>\n<p><strong>Competent chamber<br \/>\n<\/strong>\u00c4rztekammer Nordrhein<\/p>\n<p>Tersteegenstra\u00dfe 9<\/p>\n<p>40474 D\u00fcsseldorf<\/p>\n<p><a href=\"http:\/\/www.aekno.de\">www.aekno.de<\/a><\/p>\n<p><strong>\u00a0<\/strong><\/p>\n<p><strong>Responsible Association of Statutory Healt Insurance Physicians<\/strong><\/p>\n<p>KV Nordrhein<br \/>\nTersteegenstra\u00dfe 9<\/p>\n<p>40474 D\u00fcsseldorf<br \/>\n<a href=\"http:\/\/www.kvno.de\">www.kvno.de<\/a><\/p>\n<p>&nbsp;<\/p>\n<p><strong>Registered in the Commercial Register<\/strong><\/p>\n<p>Commercial Register: HRB 96121<\/p>\n<p>Registration court: Amtsgericht K\u00f6ln<\/p>\n<p>&nbsp;<\/p>\n<p><strong>Sales tax ID<\/strong><\/p>\n<p>DE327614734<\/p>\n<p><strong>\u00a0<\/strong><\/p>\n<p><strong>Person responsible for editorial<\/strong><\/p>\n<p>Dr. med. Mete Camci<\/p>\n<p>&nbsp;<\/p>\n<p><strong>Data Protection Officer<\/strong><\/p>\n<p>Sonja Garboniak<\/p>\n<p>Phone:<a href=\"tel:+492212221770\"> +49 (0)221 \/ 22 21 77 0<\/a>, email: <a href=\"mailto:s.garboniak@gefaesscentrum-koeln.de\">s.garboniak@gefaesscentrum-koeln.de<\/a><\/p>\n<p>&nbsp;<\/p>\n<p><strong>Image Credits<\/strong><\/p>\n<p>J\u00fcrgen Eugen Geretti Klapp<\/p>\n<p>Zeughausstrasse 24<\/p>\n<p>50667 K\u00f6ln<\/p>\n<p>Phone:<a href=\"http:\/\/+491711010600\"> +49 171 10 10 600<\/a><\/p>\n<p><a href=\"mailto:info@jegk.de\">info@jegk.de<\/a><\/p>\n<p><a href=\"http:\/\/www.jegk.de\">www.jegk.de<\/a><\/p>\n<p>&nbsp;<\/p>\n<p>Kunibertsklinik GmbH<\/p>\n<p><a href=\"http:\/\/www.kunibertsklinik.de\">www.kunibertsklinik.de<\/a><\/p>\n<p>&nbsp;<\/p>\n<p><strong>Corporate Design<\/strong><\/p>\n<p>gro\u00dfgestalten Gesellschaft f\u00fcr visuelle Kommunikation bR<\/p>\n<p>Z\u00fclpicher Stra\u00dfe 205<\/p>\n<p>50937 K\u00f6ln<\/p>\n<p>Phone: <a href=\"tel:+492212106120\">+49 221 210 61 20<\/a><\/p>\n<p>Fax: <a href=\"http:\/\/+492212106125\">+49 221 210 61 25<\/a><\/p>\n<p><a href=\"http:\/\/www.grossgestalten.de\">www.grossgestalten.de<\/a><\/p>\n<p><a href=\"mailto:info@grossgestalten.de\">info@grossgestalten.de<\/a><\/p>\n<p>&nbsp;<\/p>\n<p><strong>Liability for Contents<\/strong><\/p>\n<p>Although we endeavour to ensure that the content of our pages is up-to-date, complete and correct, we cannot guarantee this. As a service provider, we are responsible for our own content on these pages in accordance with general legislation pursuant to Section 7 (1) of the Digital Services Act (DDG). However, according to \u00a7\u00a7 8 to 10 of the Digital Services Act (DDG), as a service provider we are not obliged to monitor transmitted or stored third-party information or to investigate circumstances that indicate illegal activity. As soon as we become aware of any legal infringements, we will remove the relevant content immediately. However, any liability in this respect will only be assumed from the time we become aware of specific legal violations. Obligations to remove or block the use of information in accordance with general legislation remain unaffected by this. However, liability in this respect is only possible from the time of knowledge of a specific infringement. As soon as we become aware of such infringements, we will remove this content immediately.<\/p>\n<p>&nbsp;<\/p>\n<p><strong>Liability for Links<\/strong><\/p>\n<p>Our offer includes links to external third party websites. We have no influence on the contents of those websites, therefore we cannot guarantee for those contents. Providers or administrators of linked websites are always responsible for their own contents. The linked websites had been checked for possible violations of law at the time of the establishment of the link. Illegal contents were not detected at the time of the linking. A permanent monitoring of the contents of linked websites cannot be imposed without reasonable indications that there has been a violation of law. Illegal links will be removed immediately at the time we get knowledge of them.<\/p>\n<p>&nbsp;<\/p>\n<p><strong>Copyright<\/strong><\/p>\n<p>Contents and compilations published on these websites by the providers are subject to German copyright laws. Reproduction, editing, distribution as well as the use of any kind outside the scope of the copyright law require a written permission of the author or originator. Downloads and copies of these websites are permitted for private use only. The commercial use of our contents without permission of the originator is prohibited. Copyright laws of third parties are respected as long as the contents on these websites do not originate from the provider. Contributions of third parties on this site are indicated as such. However, if you notice any violations of copyright law, please inform us. Such contents will be removed immediately.[\/vc_column_text][\/vc_column][\/vc_row]<\/p>\n<\/div>","protected":false},"excerpt":{"rendered":"<p>[vc_row row_type=&#8221;row&#8221; use_row_as_full_screen_section=&#8221;no&#8221; type=&#8221;full_width&#8221; text_align=&#8221;left&#8221; css_animation=&#8221;&#8221;][vc_column][vc_column_text css=&#8221;&#8221;] Legal Notice MVZ f\u00fcr Gef\u00e4\u00dfmedizin und Venenchirurgie K\u00f6ln &nbsp; Operated by MVZ Corius K\u00f6ln Beethovenstra\u00dfe GmbH Beethovenstra\u00dfe 5\u201313 50674 K\u00f6ln Phone: +49 (0)221&#8230;<\/p>\n","protected":false},"author":1,"featured_media":0,"parent":0,"menu_order":0,"comment_status":"closed","ping_status":"closed","template":"","meta":{"footnotes":""},"class_list":["post-22502","page","type-page","status-publish","hentry"],"_links":{"self":[{"href":"https:\/\/www.gefaesscentrum-koeln.de\/en\/wp-json\/wp\/v2\/pages\/22502","targetHints":{"allow":["GET"]}}],"collection":[{"href":"https:\/\/www.gefaesscentrum-koeln.de\/en\/wp-json\/wp\/v2\/pages"}],"about":[{"href":"https:\/\/www.gefaesscentrum-koeln.de\/en\/wp-json\/wp\/v2\/types\/page"}],"author":[{"embeddable":true,"href":"https:\/\/www.gefaesscentrum-koeln.de\/en\/wp-json\/wp\/v2\/users\/1"}],"replies":[{"embeddable":true,"href":"https:\/\/www.gefaesscentrum-koeln.de\/en\/wp-json\/wp\/v2\/comments?post=22502"}],"version-history":[{"count":9,"href":"https:\/\/www.gefaesscentrum-koeln.de\/en\/wp-json\/wp\/v2\/pages\/22502\/revisions"}],"predecessor-version":[{"id":23727,"href":"https:\/\/www.gefaesscentrum-koeln.de\/en\/wp-json\/wp\/v2\/pages\/22502\/revisions\/23727"}],"wp:attachment":[{"href":"https:\/\/www.gefaesscentrum-koeln.de\/en\/wp-json\/wp\/v2\/media?parent=22502"}],"curies":[{"name":"wp","href":"https:\/\/api.w.org\/{rel}","templated":true}]}}